{"id":67392,"date":"2022-09-15T08:33:41","date_gmt":"2022-09-15T08:33:41","guid":{"rendered":"https:\/\/mdc.es\/ecodiseno-y-etiquetado\/"},"modified":"2022-09-15T08:33:41","modified_gmt":"2022-09-15T08:33:41","slug":"ecodiseno-y-etiquetado","status":"publish","type":"page","link":"https:\/\/mdc.es\/fr\/ecodiseno-y-etiquetado\/","title":{"rendered":"Ecodise\u00f1o y etiquetado"},"content":{"rendered":"<p>Desde MDC aplicamos las normativas vigentes de eficiencia y ecodise\u00f1o aprobadas por la Uni\u00f3n Europea. A continuaci\u00f3n tiene los descargables en castellano, ingl\u00e9s, franc\u00e9s y portugu\u00e9s.<\/p>\n<p>&nbsp;<\/p>\n<p>&nbsp;<\/p>\n<p style=\"text-align: left;\"><strong>Reemplazabilidad de fuentes lum\u00ednicas<\/strong><\/p>\n<p style=\"text-align: left;\">Haz click para descargar la normativa.<\/p>\n<p style=\"text-align: left;\">\n<p>&nbsp;<\/p>\n<p><a href=\"https:\/\/mdc.es\/downloads\/info\/Ecodesign_and_labelling_1.pdf\" target=\"_blank\" rel=\"noopener\"><img decoding=\"async\" loading=\"lazy\" class=\"size-medium wp-image-63564 alignnone\" src=\"https:\/\/mdc.es\/wp-content\/uploads\/2022\/09\/Captura-clausula-3-212x300.jpg\" alt=\"\" width=\"212\" height=\"300\" srcset=\"https:\/\/mdc.es\/wp-content\/uploads\/2022\/09\/Captura-clausula-3-212x300.jpg 212w, https:\/\/mdc.es\/wp-content\/uploads\/2022\/09\/Captura-clausula-3.jpg 552w\" sizes=\"(max-width: 212px) 100vw, 212px\" \/><\/a><\/p>\n<p>&nbsp;<\/p>\n<p>&nbsp;<\/p>\n<p style=\"text-align: left;\"><strong>Regulaci\u00f3n de Etiquetado Energ\u00e9tico<\/strong><\/p>\n<p style=\"text-align: left;\">Haz click para descargar la normativa.<\/p>\n<p>&nbsp;<\/p>\n<p style=\"text-align: left;\">\n<p><a href=\"https:\/\/mdc.es\/downloads\/info\/Ecodesign_and_labelling_2.pdf\" target=\"_blank\" rel=\"noopener\"><img decoding=\"async\" loading=\"lazy\" class=\"alignnone wp-image-63558 size-medium\" src=\"https:\/\/mdc.es\/wp-content\/uploads\/2022\/09\/Captura-clausula-1-213x300.jpg\" alt=\"\" width=\"213\" height=\"300\" srcset=\"https:\/\/mdc.es\/wp-content\/uploads\/2022\/09\/Captura-clausula-1-213x300.jpg 213w, https:\/\/mdc.es\/wp-content\/uploads\/2022\/09\/Captura-clausula-1.jpg 574w\" sizes=\"(max-width: 213px) 100vw, 213px\" \/><\/a><\/p>\n<p>&nbsp;<\/p>\n<p>&nbsp;<\/p>\n<p style=\"text-align: left;\"><strong>Instrucciones de desmontaje<\/strong><\/p>\n<p style=\"text-align: left;\">Haz click para descargar la normativa.<\/p>\n<p>&nbsp;<\/p>\n<p style=\"text-align: left;\"><a href=\"https:\/\/mdc.es\/downloads\/info\/Ecodesign_and_labelling_3.pdf\" target=\"_blank\" rel=\"noopener\"><img decoding=\"async\" loading=\"lazy\" class=\"alignnone size-medium wp-image-63571\" src=\"https:\/\/mdc.es\/wp-content\/uploads\/2022\/09\/Captura-clausula-2-1-212x300.jpg\" alt=\"\" width=\"212\" height=\"300\" srcset=\"https:\/\/mdc.es\/wp-content\/uploads\/2022\/09\/Captura-clausula-2-1-212x300.jpg 212w, https:\/\/mdc.es\/wp-content\/uploads\/2022\/09\/Captura-clausula-2-1.jpg 588w\" sizes=\"(max-width: 212px) 100vw, 212px\" \/><\/a><\/p>\n<p>&nbsp;<\/p>\n","protected":false},"excerpt":{"rendered":"<p>Desde MDC aplicamos las normativas vigentes de eficiencia y ecodise\u00f1o aprobadas por la Uni\u00f3n Europea. A continuaci\u00f3n tiene los descargables en castellano, ingl\u00e9s, franc\u00e9s y portugu\u00e9s. &nbsp; &nbsp; Reemplazabilidad de fuentes lum\u00ednicas Haz click para descargar la normativa. &nbsp; &nbsp; &nbsp; Regulaci\u00f3n de Etiquetado Energ\u00e9tico Haz click para descargar la normativa. &nbsp; &nbsp; &nbsp; Instrucciones [&hellip;]<\/p>\n","protected":false},"author":9,"featured_media":0,"parent":0,"menu_order":44,"comment_status":"closed","ping_status":"closed","template":"app-templates\/page-legal.php","meta":[],"acf":[],"_links":{"self":[{"href":"https:\/\/mdc.es\/fr\/wp-json\/wp\/v2\/pages\/67392"}],"collection":[{"href":"https:\/\/mdc.es\/fr\/wp-json\/wp\/v2\/pages"}],"about":[{"href":"https:\/\/mdc.es\/fr\/wp-json\/wp\/v2\/types\/page"}],"author":[{"embeddable":true,"href":"https:\/\/mdc.es\/fr\/wp-json\/wp\/v2\/users\/9"}],"replies":[{"embeddable":true,"href":"https:\/\/mdc.es\/fr\/wp-json\/wp\/v2\/comments?post=67392"}],"version-history":[{"count":0,"href":"https:\/\/mdc.es\/fr\/wp-json\/wp\/v2\/pages\/67392\/revisions"}],"wp:attachment":[{"href":"https:\/\/mdc.es\/fr\/wp-json\/wp\/v2\/media?parent=67392"}],"curies":[{"name":"wp","href":"https:\/\/api.w.org\/{rel}","templated":true}]}}